{"id":48,"date":"2024-05-01T15:04:45","date_gmt":"2024-05-01T13:04:45","guid":{"rendered":"https:\/\/presenceetdanse.fr\/?page_id=48"},"modified":"2026-03-26T10:58:03","modified_gmt":"2026-03-26T09:58:03","slug":"danse-du-sensible","status":"publish","type":"page","link":"https:\/\/presenceetdanse.fr\/index.php\/danse-du-sensible\/","title":{"rendered":"M\u00c9DITATION &amp; DANSE"},"content":{"rendered":"\n<h2 class=\"wp-block-heading has-text-align-center has-ast-global-color-7-color has-text-color has-link-color wp-elements-09fbb29202358294b225c90f124a5894\">M\u00e9ditation &amp; Danse <br>avec Anne VIAVANT<br><\/h2>\n\n\n\n<div class=\"wp-block-columns is-layout-flex wp-container-core-columns-is-layout-28f84493 wp-block-columns-is-layout-flex\">\n<div class=\"wp-block-column is-layout-flow wp-block-column-is-layout-flow\">\n<h4 class=\"wp-block-heading has-text-align-left has-ast-global-color-7-color has-text-color has-link-color wp-elements-e42b3ac1c0a58a25d460fa17fc2f5b18\"><strong>Lieux et horaires des cours<\/strong> <strong>hebdomadaires<\/strong> <strong>2026\/2027<\/strong><br><\/h4>\n\n\n\n<p class=\"has-ast-global-color-7-color has-text-color has-link-color wp-elements-bae728f415a5d6861eedd033b63fda3b\"><mark style=\"background-color:rgba(0, 0, 0, 0)\" class=\"has-inline-color has-ast-global-color-7-color\"><strong>LA CHAPELLE BASSE MER<\/strong>&#8211; Divatte sur Loire- salle municipale la Chapelaine, rue du stade<br><strong><strong>Jeudi 11h 00 <\/strong><\/strong>(sous r\u00e9serve de l\u00a0\u00bbobtention de la salle)<br><\/mark><br><mark style=\"background-color:rgba(0, 0, 0, 0)\" class=\"has-inline-color has-ast-global-color-7-color\"><br><br><strong>MOUZILLON<\/strong> salle priv\u00e9e \u00ab\u00a0La Lutine\u00a0\u00bb- imp. de la Gauroine, la Basse Recivi\u00e8re <br><strong>Mercredi<\/strong> <strong>17h 30 <\/strong> <strong><strong>cours d&rsquo;1h 15<\/strong><\/strong><\/mark><\/p>\n\n\n\n<p class=\"has-ast-global-color-7-color has-text-color has-link-color wp-elements-cb0b83981f33ac9e223deebbd2fc4aad\"><br><mark style=\"background-color:rgba(0, 0, 0, 0)\" class=\"has-inline-color has-ast-global-color-7-color\">Nous vous invitons \u00e0 venir vivre ce cours, c&rsquo;est le meilleur moyen pour que vous sachiez si cela vous convient. Le cours d\u00e9couverte est gratuit.<\/mark> Possibilit\u00e9 de venir en cours d&rsquo;ann\u00e9e.<br><mark style=\"background-color:rgba(0, 0, 0, 0)\" class=\"has-inline-color has-ast-global-color-7-color\">Merci de nous pr\u00e9venir de votre venue par sms au 06 10 86 36 27.<\/mark><br><mark style=\"background-color:rgba(0, 0, 0, 0)\" class=\"has-inline-color has-ast-global-color-7-color\">Venez en tenue confortable.<\/mark><br>Pratique sur chaise et debout<\/p>\n<\/div>\n\n\n\n<div class=\"wp-block-column is-vertically-aligned-center is-layout-flow wp-block-column-is-layout-flow\">\n<figure class=\"wp-block-image aligncenter size-large is-resized\"><img loading=\"lazy\" decoding=\"async\" width=\"1024\" height=\"1024\" src=\"https:\/\/presenceetdanse.fr\/wp-content\/uploads\/2025\/04\/mosaique-sensorielle-2025-1024x1024.png\" alt=\"mosaique danse sensorielle\" class=\"wp-image-535\" style=\"width:304px;height:auto\" srcset=\"https:\/\/presenceetdanse.fr\/wp-content\/uploads\/2025\/04\/mosaique-sensorielle-2025-1024x1024.png 1024w, https:\/\/presenceetdanse.fr\/wp-content\/uploads\/2025\/04\/mosaique-sensorielle-2025-300x300.png 300w, https:\/\/presenceetdanse.fr\/wp-content\/uploads\/2025\/04\/mosaique-sensorielle-2025-150x150.png 150w, https:\/\/presenceetdanse.fr\/wp-content\/uploads\/2025\/04\/mosaique-sensorielle-2025-768x769.png 768w, https:\/\/presenceetdanse.fr\/wp-content\/uploads\/2025\/04\/mosaique-sensorielle-2025.png 1219w\" sizes=\"auto, (max-width: 1024px) 100vw, 1024px\" \/><\/figure>\n<\/div>\n<\/div>\n\n\n\n<div class=\"wp-block-columns is-layout-flex wp-container-core-columns-is-layout-28f84493 wp-block-columns-is-layout-flex\">\n<div class=\"wp-block-column is-layout-flow wp-block-column-is-layout-flow\" style=\"flex-basis:100%\">\n<div class=\"wp-block-columns is-layout-flex wp-container-core-columns-is-layout-28f84493 wp-block-columns-is-layout-flex\">\n<div class=\"wp-block-column is-layout-flow wp-block-column-is-layout-flow\" style=\"flex-basis:100%\">\n<figure class=\"wp-block-image aligncenter size-full is-resized\"><img loading=\"lazy\" decoding=\"async\" width=\"626\" height=\"178\" src=\"https:\/\/presenceetdanse.fr\/wp-content\/uploads\/2024\/05\/logo_danse_sensible_oiseaux.png\" alt=\"logo danse du sensible oiseaux\" class=\"wp-image-154\" style=\"width:141px;height:auto\" srcset=\"https:\/\/presenceetdanse.fr\/wp-content\/uploads\/2024\/05\/logo_danse_sensible_oiseaux.png 626w, https:\/\/presenceetdanse.fr\/wp-content\/uploads\/2024\/05\/logo_danse_sensible_oiseaux-300x85.png 300w\" sizes=\"auto, (max-width: 626px) 100vw, 626px\" \/><\/figure>\n\n\n\n<p class=\"has-ast-global-color-7-color has-text-color has-link-color wp-elements-25ded6a4762a9cbf54ef2529a667a552\">Avec le support de la <strong>M\u00e9ditation Pleine Pr\u00e9sence<\/strong>, Anne nous invite \u00e0 nous poser, \u00e0 nous \u00e9couter, \u00e0 nous accueillir et d&rsquo;affiner ainsi notre qualit\u00e9 de pr\u00e9sence \u00e0 nous m\u00eame .<mark style=\"background-color:rgba(0, 0, 0, 0)\" class=\"has-inline-color has-ast-global-color-7-color\"><br>Nous r\u00e9alisons ensuite des mouvements lents issus de la <strong>P\u00e9dagogie Perceptive<\/strong> pour \u00e9veiller notre sensorialit\u00e9 et nous donner <mark style=\"background-color:rgba(0, 0, 0, 0)\" class=\"has-inline-color has-ast-global-color-7-color\"><mark style=\"background-color:rgba(0, 0, 0, 0)\" class=\"has-inline-color has-ast-global-color-7-color\">l&rsquo;opportunit\u00e9 de nous exprimer<\/mark><\/mark> dans notre danse singuli\u00e8re avec notre ressenti de la musique propos\u00e9e. <br>Cette pratique nous rend plus <strong>conscient.e<\/strong> et <strong>cr\u00e9at.eur.rice<\/strong> gr\u00e2ce \u00e0 l&rsquo;apprentissage et au d\u00e9veloppement de l&rsquo;attention \u00e0 notre corps et de l&rsquo;\u00e9coute de nos sensations profondes. Nous d\u00e9veloppons un corps plus vivant, un mental plus calme, une qualit\u00e9 de pr\u00e9sence plus affin\u00e9e et une <strong>libert\u00e9 gestuelle<\/strong> plus habit\u00e9e.<\/mark><\/p>\n\n\n\n<figure class=\"wp-block-image aligncenter size-full is-resized\"><img loading=\"lazy\" decoding=\"async\" width=\"626\" height=\"178\" src=\"https:\/\/presenceetdanse.fr\/wp-content\/uploads\/2024\/05\/logo_danse_sensible_oiseaux.png\" alt=\"logo danse du sensible oiseaux\" class=\"wp-image-154\" style=\"width:141px;height:auto\" srcset=\"https:\/\/presenceetdanse.fr\/wp-content\/uploads\/2024\/05\/logo_danse_sensible_oiseaux.png 626w, https:\/\/presenceetdanse.fr\/wp-content\/uploads\/2024\/05\/logo_danse_sensible_oiseaux-300x85.png 300w\" sizes=\"auto, (max-width: 626px) 100vw, 626px\" \/><\/figure>\n\n\n\n<p>A \u00e9couter : M\u00e9ditation de Pleine Pr\u00e9sence avec le Pr Danis Bois<br><a href=\"https:\/\/www.youtube.com\/watch?app=desktop&amp;v=3xSG6GiduQs\">https:\/\/www.youtube.com\/watch?app=desktop&amp;v=3xSG6GiduQs<\/a><\/p>\n\n\n\n<figure class=\"wp-block-image aligncenter size-full is-resized\"><img loading=\"lazy\" decoding=\"async\" width=\"290\" height=\"409\" src=\"https:\/\/presenceetdanse.fr\/wp-content\/uploads\/2025\/05\/image-1.png\" alt=\"\" class=\"wp-image-730\" style=\"width:160px;height:auto\" srcset=\"https:\/\/presenceetdanse.fr\/wp-content\/uploads\/2025\/05\/image-1.png 290w, https:\/\/presenceetdanse.fr\/wp-content\/uploads\/2025\/05\/image-1-213x300.png 213w\" sizes=\"auto, (max-width: 290px) 100vw, 290px\" \/><\/figure>\n<\/div>\n<\/div>\n<\/div>\n<\/div>\n","protected":false},"excerpt":{"rendered":"<p>M\u00e9ditation &amp; Danse avec Anne VIAVANT Lieux et horaires des cours hebdomadaires 2026\/2027 LA CHAPELLE BASSE MER&#8211; Divatte sur Loire- [&hellip;]<\/p>\n","protected":false},"author":1,"featured_media":0,"parent":0,"menu_order":0,"comment_status":"closed","ping_status":"closed","template":"","meta":{"site-sidebar-layout":"default","site-content-layout":"","ast-site-content-layout":"default","site-content-style":"default","site-sidebar-style":"default","ast-global-header-display":"","ast-banner-title-visibility":"","ast-main-header-display":"","ast-hfb-above-header-display":"","ast-hfb-below-header-display":"","ast-hfb-mobile-header-display":"","site-post-title":"","ast-breadcrumbs-content":"","ast-featured-img":"","footer-sml-layout":"","ast-disable-related-posts":"","theme-transparent-header-meta":"","adv-header-id-meta":"","stick-header-meta":"","header-above-stick-meta":"","header-main-stick-meta":"","header-below-stick-meta":"","astra-migrate-meta-layouts":"default","ast-page-background-enabled":"default","ast-page-background-meta":{"desktop":{"background-color":"var(--ast-global-color-4)","background-image":"","background-repeat":"repeat","background-position":"center center","background-size":"auto","background-attachment":"scroll","background-type":"","background-media":"","overlay-type":"","overlay-color":"","overlay-opacity":"","overlay-gradient":""},"tablet":{"background-color":"","background-image":"","background-repeat":"repeat","background-position":"center center","background-size":"auto","background-attachment":"scroll","background-type":"","background-media":"","overlay-type":"","overlay-color":"","overlay-opacity":"","overlay-gradient":""},"mobile":{"background-color":"","background-image":"","background-repeat":"repeat","background-position":"center center","background-size":"auto","background-attachment":"scroll","background-type":"","background-media":"","overlay-type":"","overlay-color":"","overlay-opacity":"","overlay-gradient":""}},"ast-content-background-meta":{"desktop":{"background-color":"var(--ast-global-color-5)","background-image":"","background-repeat":"repeat","background-position":"center center","background-size":"auto","background-attachment":"scroll","background-type":"","background-media":"","overlay-type":"","overlay-color":"","overlay-opacity":"","overlay-gradient":""},"tablet":{"background-color":"var(--ast-global-color-5)","background-image":"","background-repeat":"repeat","background-position":"center center","background-size":"auto","background-attachment":"scroll","background-type":"","background-media":"","overlay-type":"","overlay-color":"","overlay-opacity":"","overlay-gradient":""},"mobile":{"background-color":"var(--ast-global-color-5)","background-image":"","background-repeat":"repeat","background-position":"center center","background-size":"auto","background-attachment":"scroll","background-type":"","background-media":"","overlay-type":"","overlay-color":"","overlay-opacity":"","overlay-gradient":""}},"footnotes":""},"class_list":["post-48","page","type-page","status-publish","hentry"],"_links":{"self":[{"href":"https:\/\/presenceetdanse.fr\/index.php\/wp-json\/wp\/v2\/pages\/48","targetHints":{"allow":["GET"]}}],"collection":[{"href":"https:\/\/presenceetdanse.fr\/index.php\/wp-json\/wp\/v2\/pages"}],"about":[{"href":"https:\/\/presenceetdanse.fr\/index.php\/wp-json\/wp\/v2\/types\/page"}],"author":[{"embeddable":true,"href":"https:\/\/presenceetdanse.fr\/index.php\/wp-json\/wp\/v2\/users\/1"}],"replies":[{"embeddable":true,"href":"https:\/\/presenceetdanse.fr\/index.php\/wp-json\/wp\/v2\/comments?post=48"}],"version-history":[{"count":93,"href":"https:\/\/presenceetdanse.fr\/index.php\/wp-json\/wp\/v2\/pages\/48\/revisions"}],"predecessor-version":[{"id":973,"href":"https:\/\/presenceetdanse.fr\/index.php\/wp-json\/wp\/v2\/pages\/48\/revisions\/973"}],"wp:attachment":[{"href":"https:\/\/presenceetdanse.fr\/index.php\/wp-json\/wp\/v2\/media?parent=48"}],"curies":[{"name":"wp","href":"https:\/\/api.w.org\/{rel}","templated":true}]}}