{"id":152,"date":"2024-05-04T14:11:06","date_gmt":"2024-05-04T12:11:06","guid":{"rendered":"https:\/\/presenceetdanse.fr\/?page_id=152"},"modified":"2026-04-20T14:14:37","modified_gmt":"2026-04-20T12:14:37","slug":"tarifs","status":"publish","type":"page","link":"https:\/\/presenceetdanse.fr\/index.php\/tarifs\/","title":{"rendered":"Tarifs &amp; Inscriptions"},"content":{"rendered":"\n<h2 class=\"wp-block-heading has-text-align-center\">Tarifs 2026\/ 2027 en cours <br><br><br>Tarifs 2026\/2027<\/h2>\n\n\n\n<h4 class=\"wp-block-heading\">Pour les cours de MUNZ FLOOR et <strong>M\u00c9DITATION &amp; DANSE<\/strong>&nbsp;:<\/h4>\n\n\n\n<p><a href=\"https:\/\/presenceetdanse.fr\/wp-content\/uploads\/2026\/04\/2026-27-feuille-dinscriptionMunz-medit-et-danse-.pdf\" data-type=\"link\" data-id=\"https:\/\/presenceetdanse.fr\/wp-content\/uploads\/2026\/04\/2026-27-feuille-dinscriptionMunz-medit-et-danse-.pdf04\/2026-27-feuille-dinscriptionMunz-medit-et-danse-.pdfhttps:\/\/presenceetdanse.fr\/wp-content\/uploads\/2025\/06\/2025-26-feuille-dinscriptionMunz-Gym-Danse-senso-2.pdf\">T\u00e9l\u00e9charger la feuille d&rsquo;inscription MUNZ FLOOR, MEDITATION &amp; DANSE 2026-2027<\/a><\/p>\n\n\n\n<p>Paiement par esp\u00e8ces ou ch\u00e8ques donn\u00e9s en d\u00e9but de cours ou envoyer \u00e0:<br>Association Pr\u00e9sence &amp; Danse<br>chez Nadine Maisonneuve<br>11D La Br\u00e9hardi\u00e8re<br>44450 Divatte sur Loire<\/p>\n\n\n\n<p><strong>198 \u20ac de septembre 2026 \u00e0 juin 2027 pour 1 pratiqu<\/strong>e (188 \u20ac + 10 \u20ac d\u2019adh\u00e9sion)<br>paiement fractionn\u00e9 possible 72\u20ac 63\u20ac 63\u20ac<br><br><strong>323 \u20ac pour MUNZ FLOOR et MEDITATION &amp; DANSE<\/strong> (310 \u20ac + 10 \u20ac d\u2019adh\u00e9sion)<br>paiement fractionn\u00e9 possible 111\u20ac 106\u20ac 106\u20ac<br><\/p>\n\n\n\n<p><br>Pour venir \u00e0 un cours d\u00e9couverte, merci de nous pr\u00e9venir de votre venue :<br> <mark style=\"background-color:rgba(0, 0, 0, 0)\" class=\"has-inline-color has-ast-global-color-1-color\"><strong>Anne pour le<\/strong><\/mark><strong><mark style=\"background-color:rgba(0, 0, 0, 0)\" class=\"has-inline-color has-ast-global-color-1-color\"><\/mark> <\/strong><strong><mark style=\"background-color:rgba(0, 0, 0, 0)\" class=\"has-inline-color has-ast-global-color-1-color\">MUNZ FLOOR, M\u00e9ditation &amp; Danse par sms au 06 10 86 36 27<\/mark> <\/strong><br><br><\/p>\n\n\n\n<figure class=\"wp-block-image aligncenter size-full is-resized\"><img loading=\"lazy\" decoding=\"async\" width=\"626\" height=\"178\" src=\"https:\/\/presenceetdanse.fr\/wp-content\/uploads\/2024\/05\/logo_danse_sensible_oiseaux.png\" alt=\"logo danse du sensible oiseaux\" class=\"wp-image-154\" style=\"width:320px;height:auto\" srcset=\"https:\/\/presenceetdanse.fr\/wp-content\/uploads\/2024\/05\/logo_danse_sensible_oiseaux.png 626w, https:\/\/presenceetdanse.fr\/wp-content\/uploads\/2024\/05\/logo_danse_sensible_oiseaux-300x85.png 300w\" sizes=\"auto, (max-width: 626px) 100vw, 626px\" \/><\/figure>\n\n\n\n<h4 class=\"wp-block-heading\">Pour les cours de DANSES EN LIGNES :<\/h4>\n\n\n\n<p><a href=\"https:\/\/presenceetdanse.fr\/wp-content\/uploads\/2026\/04\/2026-27-feuille-dinscription-danse-en-ligne.pdf\">T\u00e9l\u00e9charger la feuille d&rsquo;inscription DANSES EN LIGNE 2026-2027<\/a><\/p>\n\n\n\n<p><strong>161 \u20ac pour l\u2019ann\u00e9e pour une pratiqu<\/strong>e (151 \u20ac + 10 \u20ac d\u2019adh\u00e9sion)<br>paiement fractionn\u00e9 possible 61\u20ac 50\u20ac 50\u20ac<\/p>\n\n\n\n<p><strong>293 \u20ac pour Danses en lignes et <\/strong>MUNZ FLOOR (283 \u20ac + 10 \u20ac d\u2019adh\u00e9sion)<br>paiement fractionn\u00e9 possible 101\u20ac 96\u20ac 96\u20ac<\/p>\n\n\n\n<p>Ch\u00e8ques ou esp\u00e8ces donn\u00e9s en d\u00e9but de cours<\/p>\n\n\n\n<p>Pour venir \u00e0 un cours d\u00e9couverte, merci de nous pr\u00e9venir de votre venue :<br> <mark style=\"background-color:rgba(0, 0, 0, 0)\" class=\"has-inline-color has-ast-global-color-1-color\"><strong>Anne pour <\/strong><\/mark><strong><mark style=\"background-color:rgba(0, 0, 0, 0)\" class=\"has-inline-color has-ast-global-color-1-color\">la DANSES EN LIGNES par sms au 06 10 86 36 27<\/mark> <\/strong><\/p>\n\n\n\n<p><\/p>\n","protected":false},"excerpt":{"rendered":"<p>Tarifs 2026\/ 2027 en cours Tarifs 2026\/2027 Pour les cours de MUNZ FLOOR et M\u00c9DITATION &amp; DANSE&nbsp;: T\u00e9l\u00e9charger la feuille [&hellip;]<\/p>\n","protected":false},"author":1,"featured_media":0,"parent":0,"menu_order":0,"comment_status":"closed","ping_status":"closed","template":"","meta":{"site-sidebar-layout":"default","site-content-layout":"","ast-site-content-layout":"default","site-content-style":"default","site-sidebar-style":"default","ast-global-header-display":"","ast-banner-title-visibility":"","ast-main-header-display":"","ast-hfb-above-header-display":"","ast-hfb-below-header-display":"","ast-hfb-mobile-header-display":"","site-post-title":"disabled","ast-breadcrumbs-content":"","ast-featured-img":"","footer-sml-layout":"","ast-disable-related-posts":"","theme-transparent-header-meta":"","adv-header-id-meta":"","stick-header-meta":"","header-above-stick-meta":"","header-main-stick-meta":"","header-below-stick-meta":"","astra-migrate-meta-layouts":"default","ast-page-background-enabled":"default","ast-page-background-meta":{"desktop":{"background-color":"var(--ast-global-color-4)","background-image":"","background-repeat":"repeat","background-position":"center center","background-size":"auto","background-attachment":"scroll","background-type":"","background-media":"","overlay-type":"","overlay-color":"","overlay-opacity":"","overlay-gradient":""},"tablet":{"background-color":"","background-image":"","background-repeat":"repeat","background-position":"center center","background-size":"auto","background-attachment":"scroll","background-type":"","background-media":"","overlay-type":"","overlay-color":"","overlay-opacity":"","overlay-gradient":""},"mobile":{"background-color":"","background-image":"","background-repeat":"repeat","background-position":"center center","background-size":"auto","background-attachment":"scroll","background-type":"","background-media":"","overlay-type":"","overlay-color":"","overlay-opacity":"","overlay-gradient":""}},"ast-content-background-meta":{"desktop":{"background-color":"var(--ast-global-color-5)","background-image":"","background-repeat":"repeat","background-position":"center center","background-size":"auto","background-attachment":"scroll","background-type":"","background-media":"","overlay-type":"","overlay-color":"","overlay-opacity":"","overlay-gradient":""},"tablet":{"background-color":"var(--ast-global-color-5)","background-image":"","background-repeat":"repeat","background-position":"center center","background-size":"auto","background-attachment":"scroll","background-type":"","background-media":"","overlay-type":"","overlay-color":"","overlay-opacity":"","overlay-gradient":""},"mobile":{"background-color":"var(--ast-global-color-5)","background-image":"","background-repeat":"repeat","background-position":"center center","background-size":"auto","background-attachment":"scroll","background-type":"","background-media":"","overlay-type":"","overlay-color":"","overlay-opacity":"","overlay-gradient":""}},"footnotes":""},"class_list":["post-152","page","type-page","status-publish","hentry"],"_links":{"self":[{"href":"https:\/\/presenceetdanse.fr\/index.php\/wp-json\/wp\/v2\/pages\/152","targetHints":{"allow":["GET"]}}],"collection":[{"href":"https:\/\/presenceetdanse.fr\/index.php\/wp-json\/wp\/v2\/pages"}],"about":[{"href":"https:\/\/presenceetdanse.fr\/index.php\/wp-json\/wp\/v2\/types\/page"}],"author":[{"embeddable":true,"href":"https:\/\/presenceetdanse.fr\/index.php\/wp-json\/wp\/v2\/users\/1"}],"replies":[{"embeddable":true,"href":"https:\/\/presenceetdanse.fr\/index.php\/wp-json\/wp\/v2\/comments?post=152"}],"version-history":[{"count":57,"href":"https:\/\/presenceetdanse.fr\/index.php\/wp-json\/wp\/v2\/pages\/152\/revisions"}],"predecessor-version":[{"id":997,"href":"https:\/\/presenceetdanse.fr\/index.php\/wp-json\/wp\/v2\/pages\/152\/revisions\/997"}],"wp:attachment":[{"href":"https:\/\/presenceetdanse.fr\/index.php\/wp-json\/wp\/v2\/media?parent=152"}],"curies":[{"name":"wp","href":"https:\/\/api.w.org\/{rel}","templated":true}]}}